{"id":47,"date":"2024-02-12T19:59:04","date_gmt":"2024-02-12T18:59:04","guid":{"rendered":"https:\/\/marti.fls.pl\/?post_type=product&#038;p=47"},"modified":"2024-02-12T20:04:31","modified_gmt":"2024-02-12T19:04:31","slug":"zeszloroczne-kalendarze","status":"publish","type":"product","link":"https:\/\/marti.fls.pl\/?product=zeszloroczne-kalendarze","title":{"rendered":"Zesz\u0142oroczne kalendarze"},"content":{"rendered":"","protected":false},"excerpt":{"rendered":"<p>Kalendarze na poprzednie lata- wci\u0105\u017c \u0142adne i cenne<\/p>\n","protected":false},"featured_media":48,"comment_status":"closed","ping_status":"closed","template":"","meta":[],"product_cat":[21,23,24,20],"product_tag":[],"class_list":{"0":"post-47","1":"product","2":"type-product","3":"status-publish","4":"has-post-thumbnail","6":"product_cat-kalendarze","7":"product_cat-kolorowanki","8":"product_cat-ksiazki","9":"product_cat-plakaty","11":"first","12":"instock","13":"shipping-taxable","14":"purchasable","15":"product-type-simple"},"jetpack_sharing_enabled":true,"_links":{"self":[{"href":"https:\/\/marti.fls.pl\/index.php?rest_route=\/wp\/v2\/product\/47","targetHints":{"allow":["GET"]}}],"collection":[{"href":"https:\/\/marti.fls.pl\/index.php?rest_route=\/wp\/v2\/product"}],"about":[{"href":"https:\/\/marti.fls.pl\/index.php?rest_route=\/wp\/v2\/types\/product"}],"replies":[{"embeddable":true,"href":"https:\/\/marti.fls.pl\/index.php?rest_route=%2Fwp%2Fv2%2Fcomments&post=47"}],"wp:featuredmedia":[{"embeddable":true,"href":"https:\/\/marti.fls.pl\/index.php?rest_route=\/wp\/v2\/media\/48"}],"wp:attachment":[{"href":"https:\/\/marti.fls.pl\/index.php?rest_route=%2Fwp%2Fv2%2Fmedia&parent=47"}],"wp:term":[{"taxonomy":"product_cat","embeddable":true,"href":"https:\/\/marti.fls.pl\/index.php?rest_route=%2Fwp%2Fv2%2Fproduct_cat&post=47"},{"taxonomy":"product_tag","embeddable":true,"href":"https:\/\/marti.fls.pl\/index.php?rest_route=%2Fwp%2Fv2%2Fproduct_tag&post=47"}],"curies":[{"name":"wp","href":"https:\/\/api.w.org\/{rel}","templated":true}]}}